{"id":321,"date":"2025-01-30T13:17:56","date_gmt":"2025-01-30T12:17:56","guid":{"rendered":"https:\/\/huhakween.com\/?page_id=321"},"modified":"2025-06-24T16:16:07","modified_gmt":"2025-06-24T14:16:07","slug":"malinche","status":"publish","type":"page","link":"https:\/\/huhakween.com\/?page_id=321","title":{"rendered":"Malinche"},"content":{"rendered":"\n<div class=\"wp-block-uagb-container uagb-block-9be8d4ac alignfull uagb-is-root-container\"><div class=\"uagb-container-inner-blocks-wrap\">\n<div class=\"wp-block-uagb-container uagb-block-9061e906\">\n<figure class=\"wp-block-gallery aligncenter has-nested-images columns-1 is-cropped wp-block-gallery-1 is-layout-flex wp-block-gallery-is-layout-flex\">\n<figure class=\"wp-block-image size-large\"><img loading=\"lazy\" decoding=\"async\" width=\"768\" height=\"1024\" src=\"https:\/\/huhakween.com\/wp-content\/uploads\/2025\/01\/2fcdfbb6-e8da-47d9-8beb-b96f6a6cb4f5-1-768x1024.jpg\" alt=\"\" class=\"wp-image-512\" srcset=\"https:\/\/huhakween.com\/wp-content\/uploads\/2025\/01\/2fcdfbb6-e8da-47d9-8beb-b96f6a6cb4f5-1-768x1024.jpg 768w, https:\/\/huhakween.com\/wp-content\/uploads\/2025\/01\/2fcdfbb6-e8da-47d9-8beb-b96f6a6cb4f5-1-225x300.jpg 225w, https:\/\/huhakween.com\/wp-content\/uploads\/2025\/01\/2fcdfbb6-e8da-47d9-8beb-b96f6a6cb4f5-1-2000x2667.jpg 2000w, https:\/\/huhakween.com\/wp-content\/uploads\/2025\/01\/2fcdfbb6-e8da-47d9-8beb-b96f6a6cb4f5-1-scaled.jpg 1920w\" sizes=\"(max-width: 768px) 100vw, 768px\" \/><\/figure>\n\n\n\n<figure class=\"wp-block-image size-large\"><img loading=\"lazy\" decoding=\"async\" width=\"768\" height=\"1024\" src=\"https:\/\/huhakween.com\/wp-content\/uploads\/2025\/01\/c3af86ca-bcc6-4d78-9e74-79da8f12b8fb-768x1024.jpg\" alt=\"\" class=\"wp-image-500\" srcset=\"https:\/\/huhakween.com\/wp-content\/uploads\/2025\/01\/c3af86ca-bcc6-4d78-9e74-79da8f12b8fb-768x1024.jpg 768w, https:\/\/huhakween.com\/wp-content\/uploads\/2025\/01\/c3af86ca-bcc6-4d78-9e74-79da8f12b8fb-225x300.jpg 225w, https:\/\/huhakween.com\/wp-content\/uploads\/2025\/01\/c3af86ca-bcc6-4d78-9e74-79da8f12b8fb-2000x2667.jpg 2000w, https:\/\/huhakween.com\/wp-content\/uploads\/2025\/01\/c3af86ca-bcc6-4d78-9e74-79da8f12b8fb-scaled.jpg 1920w\" sizes=\"(max-width: 768px) 100vw, 768px\" \/><\/figure>\n<\/figure>\n<\/div>\n\n\n\n<div class=\"wp-block-uagb-container uagb-block-6360915a\">\n<figure data-wp-context=\"{ &quot;core&quot;:\n\t\t\t\t{ &quot;image&quot;:\n\t\t\t\t\t{   &quot;imageLoaded&quot;: false,\n\t\t\t\t\t\t&quot;initialized&quot;: false,\n\t\t\t\t\t\t&quot;lightboxEnabled&quot;: false,\n\t\t\t\t\t\t&quot;hideAnimationEnabled&quot;: false,\n\t\t\t\t\t\t&quot;preloadInitialized&quot;: false,\n\t\t\t\t\t\t&quot;lightboxAnimation&quot;: &quot;zoom&quot;,\n\t\t\t\t\t\t&quot;imageUploadedSrc&quot;: &quot;https:\/\/huhakween.com\/wp-content\/uploads\/2025\/01\/Malinchenach1_2x2-2.jpg&quot;,\n\t\t\t\t\t\t&quot;imageCurrentSrc&quot;: &quot;&quot;,\n\t\t\t\t\t\t&quot;targetWidth&quot;: &quot;316&quot;,\n\t\t\t\t\t\t&quot;targetHeight&quot;: &quot;400&quot;,\n\t\t\t\t\t\t&quot;scaleAttr&quot;: &quot;&quot;,\n\t\t\t\t\t\t&quot;dialogLabel&quot;: &quot;Imagen ampliada&quot;\n\t\t\t\t\t}\n\t\t\t\t}\n\t\t\t}\" data-wp-interactive class=\"wp-block-image size-full has-custom-border is-style-default wp-lightbox-container\"><img loading=\"lazy\" decoding=\"async\" width=\"316\" height=\"400\" data-wp-effect--setStylesOnResize=\"effects.core.image.setStylesOnResize\" data-wp-effect=\"effects.core.image.setButtonStyles\" data-wp-init=\"effects.core.image.initOriginImage\" data-wp-on--click=\"actions.core.image.showLightbox\" data-wp-on--load=\"actions.core.image.handleLoad\" src=\"https:\/\/huhakween.com\/wp-content\/uploads\/2025\/01\/Malinchenach1_2x2-2.jpg\" alt=\"\" class=\"wp-image-370\" style=\"border-style:none;border-width:0px;border-radius:0px\" srcset=\"https:\/\/huhakween.com\/wp-content\/uploads\/2025\/01\/Malinchenach1_2x2-2.jpg 316w, https:\/\/huhakween.com\/wp-content\/uploads\/2025\/01\/Malinchenach1_2x2-2-237x300.jpg 237w\" sizes=\"(max-width: 316px) 100vw, 316px\" \/><button\n\t\t\tclass=\"lightbox-trigger\"\n\t\t\ttype=\"button\"\n\t\t\taria-haspopup=\"dialog\"\n\t\t\taria-label=\"Ampliar la imagen\"\n\t\t\tdata-wp-on--click=\"actions.core.image.showLightbox\"\n\t\t\tdata-wp-style--right=\"context.core.image.imageButtonRight\"\n\t\t\tdata-wp-style--top=\"context.core.image.imageButtonTop\"\n\t\t>\n\t\t\t<svg xmlns=\"http:\/\/www.w3.org\/2000\/svg\" width=\"12\" height=\"12\" fill=\"none\" viewBox=\"0 0 12 12\">\n\t\t\t\t<path fill=\"#fff\" d=\"M2 0a2 2 0 0 0-2 2v2h1.5V2a.5.5 0 0 1 .5-.5h2V0H2Zm2 10.5H2a.5.5 0 0 1-.5-.5V8H0v2a2 2 0 0 0 2 2h2v-1.5ZM8 12v-1.5h2a.5.5 0 0 0 .5-.5V8H12v2a2 2 0 0 1-2 2H8Zm2-12a2 2 0 0 1 2 2v2h-1.5V2a.5.5 0 0 0-.5-.5H8V0h2Z\" \/>\n\t\t\t<\/svg>\n\t\t<\/button>        <div data-wp-body=\"\" class=\"wp-lightbox-overlay zoom\"\n            data-wp-bind--role=\"selectors.core.image.roleAttribute\"\n            data-wp-bind--aria-label=\"selectors.core.image.dialogLabel\"\n            data-wp-class--initialized=\"context.core.image.initialized\"\n            data-wp-class--active=\"context.core.image.lightboxEnabled\"\n            data-wp-class--hideAnimationEnabled=\"context.core.image.hideAnimationEnabled\"\n            data-wp-bind--aria-modal=\"selectors.core.image.ariaModal\"\n            data-wp-effect=\"effects.core.image.initLightbox\"\n            data-wp-on--keydown=\"actions.core.image.handleKeydown\"\n            data-wp-on--touchstart=\"actions.core.image.handleTouchStart\"\n            data-wp-on--touchmove=\"actions.core.image.handleTouchMove\"\n            data-wp-on--touchend=\"actions.core.image.handleTouchEnd\"\n            data-wp-on--click=\"actions.core.image.hideLightbox\"\n            tabindex=\"-1\"\n            >\n                <button type=\"button\" aria-label=\"Cerrar\" style=\"fill: #000\" class=\"close-button\" data-wp-on--click=\"actions.core.image.hideLightbox\">\n                    <svg xmlns=\"http:\/\/www.w3.org\/2000\/svg\" viewBox=\"0 0 24 24\" width=\"20\" height=\"20\" aria-hidden=\"true\" focusable=\"false\"><path d=\"M13 11.8l6.1-6.3-1-1-6.1 6.2-6.1-6.2-1 1 6.1 6.3-6.5 6.7 1 1 6.5-6.6 6.5 6.6 1-1z\"><\/path><\/svg>\n                <\/button>\n                <div class=\"lightbox-image-container\">\n<figure class=\"wp-block-image size-full has-custom-border is-style-default responsive-image\"><img decoding=\"async\" data-wp-bind--src=\"context.core.image.imageCurrentSrc\" data-wp-style--object-fit=\"selectors.core.image.lightboxObjectFit\" src=\"\" alt=\"\" class=\"wp-image-370\" style=\"border-style:none;border-width:0px;border-radius:0px\"\/><\/figure>\n<\/div>\n                <div class=\"lightbox-image-container\">\n<figure class=\"wp-block-image size-full has-custom-border is-style-default enlarged-image\"><img decoding=\"async\" data-wp-bind--src=\"selectors.core.image.enlargedImgSrc\" data-wp-style--object-fit=\"selectors.core.image.lightboxObjectFit\" src=\"\" alt=\"\" class=\"wp-image-370\" style=\"border-style:none;border-width:0px;border-radius:0px\"\/><\/figure>\n<\/div>\n                <div class=\"scrim\" style=\"background-color: #fff\" aria-hidden=\"true\"><\/div>\n        <\/div><\/figure>\n\n\n\n<div class=\"wp-block-uagb-container uagb-block-f4c6ce8a\">\n<p><strong>T\u00edtulo:&nbsp;<\/strong>Malinche El Musical<\/p>\n\n\n\n<p><strong>Direcci\u00f3n:&nbsp;<\/strong>Nacho Cano<\/p>\n\n\n\n<p><strong>Espacios:&nbsp;<\/strong>IFEMA<\/p>\n\n\n\n<p><strong>A\u00f1o:&nbsp;<\/strong>2023-2025<\/p>\n\n\n\n<p><strong>Personaje:&nbsp;<\/strong>Ensemble, P\u00e1nfilo de Narv\u00e1ez, Alternante Hermano de Malinche, Alternante Mart\u00edn Cort\u00e9s, Cover Fray Jer\u00f3nimo. (Adem\u00e1s, fue capit\u00e1n de baile)<\/p>\n\n\n\n<p><strong>G\u00e9nero:&nbsp;<\/strong>Musical<\/p>\n\n\n\n<p><strong>Sinopsis:<\/strong>&nbsp;La historia central de Malinche nos transporta a uno de los episodios m\u00e1s importantes de la historia, el nacimiento del mestizaje. El musical narra la vida de Malinche, una mujer extraordinaria que naveg\u00f3 entre dos mundos y actu\u00f3 como mediadora entre dos culturas al borde del conflicto. En este contexto, florece un amor que simboliza la uni\u00f3n entre M\u00e9xico y Espa\u00f1a, dos pueblos hermanos.<\/p>\n<\/div>\n<\/div>\n<\/div><\/div>\n","protected":false},"excerpt":{"rendered":"<p>T\u00edtulo:&nbsp;Malinche El Musical Direcci\u00f3n:&nbsp;Nacho Cano Espacios:&nbsp;IFEMA A\u00f1o:&nbsp;2023-2025 Personaje:&nbsp;Ensemble, P\u00e1nfilo de Narv\u00e1ez, Alternante Hermano [&hellip;]<\/p>\n","protected":false},"author":1,"featured_media":0,"parent":0,"menu_order":0,"comment_status":"closed","ping_status":"closed","template":"","meta":{"_uag_custom_page_level_css":"","footnotes":""},"aioseo_notices":[],"uagb_featured_image_src":{"full":false,"thumbnail":false,"medium":false,"medium_large":false,"large":false,"1536x1536":false,"2048x2048":false},"uagb_author_info":{"display_name":"Huha Kween","author_link":"https:\/\/huhakween.com\/?author=1"},"uagb_comment_info":0,"uagb_excerpt":"T\u00edtulo:&nbsp;Malinche El Musical Direcci\u00f3n:&nbsp;Nacho Cano Espacios:&nbsp;IFEMA A\u00f1o:&nbsp;2023-2025 Personaje:&nbsp;Ensemble, P\u00e1nfilo de Narv\u00e1ez, Alternante Hermano [&hellip;]","_links":{"self":[{"href":"https:\/\/huhakween.com\/index.php?rest_route=\/wp\/v2\/pages\/321"}],"collection":[{"href":"https:\/\/huhakween.com\/index.php?rest_route=\/wp\/v2\/pages"}],"about":[{"href":"https:\/\/huhakween.com\/index.php?rest_route=\/wp\/v2\/types\/page"}],"author":[{"embeddable":true,"href":"https:\/\/huhakween.com\/index.php?rest_route=\/wp\/v2\/users\/1"}],"replies":[{"embeddable":true,"href":"https:\/\/huhakween.com\/index.php?rest_route=%2Fwp%2Fv2%2Fcomments&post=321"}],"version-history":[{"count":19,"href":"https:\/\/huhakween.com\/index.php?rest_route=\/wp\/v2\/pages\/321\/revisions"}],"predecessor-version":[{"id":969,"href":"https:\/\/huhakween.com\/index.php?rest_route=\/wp\/v2\/pages\/321\/revisions\/969"}],"wp:attachment":[{"href":"https:\/\/huhakween.com\/index.php?rest_route=%2Fwp%2Fv2%2Fmedia&parent=321"}],"curies":[{"name":"wp","href":"https:\/\/api.w.org\/{rel}","templated":true}]}}