{"id":205,"date":"2025-01-07T23:38:07","date_gmt":"2025-01-07T22:38:07","guid":{"rendered":"https:\/\/huhakween.com\/?page_id=205"},"modified":"2025-11-25T22:57:37","modified_gmt":"2025-11-25T21:57:37","slug":"curriculum","status":"publish","type":"page","link":"https:\/\/huhakween.com\/?page_id=205","title":{"rendered":"CV"},"content":{"rendered":"\n<div class=\"wp-block-file aligncenter\" style=\"margin-top:0;margin-bottom:0;padding-top:0;padding-right:0;padding-bottom:0;padding-left:0\"><a href=\"http:\/\/huhakween.com\/wp-content\/uploads\/2025\/11\/CV_Huha_Kween.pdf\" class=\"wp-block-file__button wp-element-button\" download>Descargar CV<\/a><\/div>\n\n\n\n<div class=\"wp-block-uagb-container uagb-block-8891533c alignfull uagb-is-root-container\"><div class=\"uagb-container-inner-blocks-wrap\">\n<div class=\"wp-block-uagb-container uagb-block-c84c5a1d\">\n<ul>\n<li class=\"has-medium-font-size\">CABELLO: Negro<\/li>\n\n\n\n<li class=\"has-medium-font-size\">PIEL: Clara<\/li>\n\n\n\n<li class=\"has-medium-font-size\">OJOS: Azul gris\u00e1ceo<\/li>\n\n\n\n<li class=\"has-medium-font-size\">PESO aprox: 63 kg<\/li>\n\n\n\n<li class=\"has-medium-font-size\">ALTURA: 181 cm<\/li>\n\n\n\n<li class=\"has-medium-font-size\">HABILIDADES: Canto, Danza, Maquillar, Coser, Piano (B\u00e1sico), Carnet de conducir B<\/li>\n\n\n\n<li class=\"has-medium-font-size\">TESITURA VOCAL: Tenor Ligero<\/li>\n\n\n\n<li class=\"has-medium-font-size\">IDIOMAS: Espa\u00f1ol y Catal\u00e1n (Nativo) e Ingl\u00e9s (Nivel Avanzado)<\/li>\n<\/ul>\n<\/div>\n\n\n\n<div class=\"wp-block-uagb-container uagb-block-2717a449\">\n<figure data-wp-context=\"{ &quot;core&quot;:\n\t\t\t\t{ &quot;image&quot;:\n\t\t\t\t\t{   &quot;imageLoaded&quot;: false,\n\t\t\t\t\t\t&quot;initialized&quot;: false,\n\t\t\t\t\t\t&quot;lightboxEnabled&quot;: false,\n\t\t\t\t\t\t&quot;hideAnimationEnabled&quot;: false,\n\t\t\t\t\t\t&quot;preloadInitialized&quot;: false,\n\t\t\t\t\t\t&quot;lightboxAnimation&quot;: &quot;zoom&quot;,\n\t\t\t\t\t\t&quot;imageUploadedSrc&quot;: &quot;https:\/\/huhakween.com\/wp-content\/uploads\/2025\/01\/image00112.jpg&quot;,\n\t\t\t\t\t\t&quot;imageCurrentSrc&quot;: &quot;&quot;,\n\t\t\t\t\t\t&quot;targetWidth&quot;: &quot;1138&quot;,\n\t\t\t\t\t\t&quot;targetHeight&quot;: &quot;1707&quot;,\n\t\t\t\t\t\t&quot;scaleAttr&quot;: &quot;&quot;,\n\t\t\t\t\t\t&quot;dialogLabel&quot;: &quot;Imagen ampliada&quot;\n\t\t\t\t\t}\n\t\t\t\t}\n\t\t\t}\" data-wp-interactive class=\"wp-block-image size-large wp-lightbox-container\"><img loading=\"lazy\" decoding=\"async\" width=\"683\" height=\"1024\" data-wp-effect--setStylesOnResize=\"effects.core.image.setStylesOnResize\" data-wp-effect=\"effects.core.image.setButtonStyles\" data-wp-init=\"effects.core.image.initOriginImage\" data-wp-on--click=\"actions.core.image.showLightbox\" data-wp-on--load=\"actions.core.image.handleLoad\" src=\"https:\/\/huhakween.com\/wp-content\/uploads\/2025\/01\/image00112-683x1024.jpg\" alt=\"\" class=\"wp-image-461\" srcset=\"https:\/\/huhakween.com\/wp-content\/uploads\/2025\/01\/image00112-683x1024.jpg 683w, https:\/\/huhakween.com\/wp-content\/uploads\/2025\/01\/image00112-200x300.jpg 200w, https:\/\/huhakween.com\/wp-content\/uploads\/2025\/01\/image00112.jpg 1138w\" sizes=\"(max-width: 683px) 100vw, 683px\" \/><button\n\t\t\tclass=\"lightbox-trigger\"\n\t\t\ttype=\"button\"\n\t\t\taria-haspopup=\"dialog\"\n\t\t\taria-label=\"Ampliar la imagen\"\n\t\t\tdata-wp-on--click=\"actions.core.image.showLightbox\"\n\t\t\tdata-wp-style--right=\"context.core.image.imageButtonRight\"\n\t\t\tdata-wp-style--top=\"context.core.image.imageButtonTop\"\n\t\t>\n\t\t\t<svg xmlns=\"http:\/\/www.w3.org\/2000\/svg\" width=\"12\" height=\"12\" fill=\"none\" viewBox=\"0 0 12 12\">\n\t\t\t\t<path fill=\"#fff\" d=\"M2 0a2 2 0 0 0-2 2v2h1.5V2a.5.5 0 0 1 .5-.5h2V0H2Zm2 10.5H2a.5.5 0 0 1-.5-.5V8H0v2a2 2 0 0 0 2 2h2v-1.5ZM8 12v-1.5h2a.5.5 0 0 0 .5-.5V8H12v2a2 2 0 0 1-2 2H8Zm2-12a2 2 0 0 1 2 2v2h-1.5V2a.5.5 0 0 0-.5-.5H8V0h2Z\" \/>\n\t\t\t<\/svg>\n\t\t<\/button>        <div data-wp-body=\"\" class=\"wp-lightbox-overlay zoom\"\n            data-wp-bind--role=\"selectors.core.image.roleAttribute\"\n            data-wp-bind--aria-label=\"selectors.core.image.dialogLabel\"\n            data-wp-class--initialized=\"context.core.image.initialized\"\n            data-wp-class--active=\"context.core.image.lightboxEnabled\"\n            data-wp-class--hideAnimationEnabled=\"context.core.image.hideAnimationEnabled\"\n            data-wp-bind--aria-modal=\"selectors.core.image.ariaModal\"\n            data-wp-effect=\"effects.core.image.initLightbox\"\n            data-wp-on--keydown=\"actions.core.image.handleKeydown\"\n            data-wp-on--touchstart=\"actions.core.image.handleTouchStart\"\n            data-wp-on--touchmove=\"actions.core.image.handleTouchMove\"\n            data-wp-on--touchend=\"actions.core.image.handleTouchEnd\"\n            data-wp-on--click=\"actions.core.image.hideLightbox\"\n            tabindex=\"-1\"\n            >\n                <button type=\"button\" aria-label=\"Cerrar\" style=\"fill: #000\" class=\"close-button\" data-wp-on--click=\"actions.core.image.hideLightbox\">\n                    <svg xmlns=\"http:\/\/www.w3.org\/2000\/svg\" viewBox=\"0 0 24 24\" width=\"20\" height=\"20\" aria-hidden=\"true\" focusable=\"false\"><path d=\"M13 11.8l6.1-6.3-1-1-6.1 6.2-6.1-6.2-1 1 6.1 6.3-6.5 6.7 1 1 6.5-6.6 6.5 6.6 1-1z\"><\/path><\/svg>\n                <\/button>\n                <div class=\"lightbox-image-container\">\n<figure class=\"wp-block-image size-large responsive-image\"><img decoding=\"async\" data-wp-bind--src=\"context.core.image.imageCurrentSrc\" data-wp-style--object-fit=\"selectors.core.image.lightboxObjectFit\" src=\"\" alt=\"\" class=\"wp-image-461\"\/><\/figure>\n<\/div>\n                <div class=\"lightbox-image-container\">\n<figure class=\"wp-block-image size-large enlarged-image\"><img decoding=\"async\" data-wp-bind--src=\"selectors.core.image.enlargedImgSrc\" data-wp-style--object-fit=\"selectors.core.image.lightboxObjectFit\" src=\"\" alt=\"\" class=\"wp-image-461\"\/><\/figure>\n<\/div>\n                <div class=\"scrim\" style=\"background-color: #fff\" aria-hidden=\"true\"><\/div>\n        <\/div><\/figure>\n<\/div>\n<\/div><\/div>\n","protected":false},"excerpt":{"rendered":"<p> [&hellip;]<\/p>\n","protected":false},"author":1,"featured_media":0,"parent":0,"menu_order":0,"comment_status":"closed","ping_status":"closed","template":"","meta":{"_uag_custom_page_level_css":"","footnotes":""},"aioseo_notices":[],"uagb_featured_image_src":{"full":false,"thumbnail":false,"medium":false,"medium_large":false,"large":false,"1536x1536":false,"2048x2048":false},"uagb_author_info":{"display_name":"Huha Kween","author_link":"https:\/\/huhakween.com\/?author=1"},"uagb_comment_info":0,"uagb_excerpt":"[&hellip;]","_links":{"self":[{"href":"https:\/\/huhakween.com\/index.php?rest_route=\/wp\/v2\/pages\/205"}],"collection":[{"href":"https:\/\/huhakween.com\/index.php?rest_route=\/wp\/v2\/pages"}],"about":[{"href":"https:\/\/huhakween.com\/index.php?rest_route=\/wp\/v2\/types\/page"}],"author":[{"embeddable":true,"href":"https:\/\/huhakween.com\/index.php?rest_route=\/wp\/v2\/users\/1"}],"replies":[{"embeddable":true,"href":"https:\/\/huhakween.com\/index.php?rest_route=%2Fwp%2Fv2%2Fcomments&post=205"}],"version-history":[{"count":32,"href":"https:\/\/huhakween.com\/index.php?rest_route=\/wp\/v2\/pages\/205\/revisions"}],"predecessor-version":[{"id":977,"href":"https:\/\/huhakween.com\/index.php?rest_route=\/wp\/v2\/pages\/205\/revisions\/977"}],"wp:attachment":[{"href":"https:\/\/huhakween.com\/index.php?rest_route=%2Fwp%2Fv2%2Fmedia&parent=205"}],"curies":[{"name":"wp","href":"https:\/\/api.w.org\/{rel}","templated":true}]}}